{"id":261,"date":"2023-07-05T12:15:35","date_gmt":"2023-07-05T12:15:35","guid":{"rendered":"http:\/\/relumine.de\/?page_id=261"},"modified":"2024-04-17T10:32:05","modified_gmt":"2024-04-17T10:32:05","slug":"coaching-persoenlichkeitsstaerkung","status":"publish","type":"page","link":"http:\/\/relumine.de\/?page_id=261","title":{"rendered":"Coaching &#8211; Pers\u00f6nlichkeitsst\u00e4rkung"},"content":{"rendered":"\n<p><strong>Einzelcoaching<\/strong><\/p>\n\n\n\n<p><\/p>\n\n\n\n<p><\/p>\n\n\n\n<p>Manchmal hat man ein ein Thema, bei dem man gef\u00fchlt immer wieder gleich &#8222;falsch&#8220; reagiert. <br>Oder eine Thematik, ein Problem zieht sich wie ein &#8222;roter Faden&#8220; durch das Leben und man fragst sich , warum das immer wieder passieren muss?<\/p>\n\n\n\n<p>Oder eine, f\u00fcr dich wichtige, Entscheidung steht an und du wei\u00dft nicht weiter.<\/p>\n\n\n\n<p><strong>Ich bin \u00fcberzeugt, dass die L\u00f6sung, die Antwort, das Ziel schon in dir ist, du aber nicht gelernt hast, es selbst zu finden. <\/strong><br> <br>Manchmal ben\u00f6tigten wir jemanden an unserer Seite, der uns hilft, unser eigenes Potential zu erkennen oder wiederzufinden. <br><br>Manchmal ben\u00f6tigten wir jemanden, der uns hilft unsere eigene Pers\u00f6nlichkeit zu st\u00e4rken. <\/p>\n\n\n\n<p>Oft ist es nur ein &#8222;kleiner&#8220; Funken, der dein Licht wieder entfacht und dich wieder in dein wahres Selbst bringt. <br><br>Ziel eines Coaching mit mir ist es, genau diesen Funken zu finden, damit du eine Pers\u00f6nlichkeitsst\u00e4rkung erf\u00e4hrst. Ziel ist es, deine Antwort auf deine Fragen in dir selbst zu finden &#8211; relumine!<\/p>\n\n\n\n<p>Ziel ist immer eine Selbsterm\u00e4chtigung, d.h. deine eigene Antworten, deine eigene Ziele und deinen eigenen Weg zu finden. <\/p>\n\n\n\n<p><strong>Wie wei\u00dft du, ob ein Einzelcoaching f\u00fcr dich in Frage kommt?<\/strong><\/p>\n\n\n\n<p>Im kostenlosen, telefonischen Vorgespr\u00e4ch kl\u00e4ren wir, ob ein Coaching f\u00fcr dein Thema in Frage kommt und ob unsere &#8222;Energien&#8220; zueinander passen. Au\u00dferdem werden die Details, wie Termine, Dauer und Kosten in diesem Gespr\u00e4ch auch festgelegt. So wirst du nach diesem Telefonat wissen, ob ein Einzelcoaching etwas f\u00fcr dich ist. <\/p>\n\n\n\n<p>F\u00fcr ein telefonisches Vorgespr\u00e4ch erreichst du mich unter 02365 23844 oder 0177 7472804 am besten in der Zeit zwischen 18:00 und 20:00 Uhr. Ansonsten kannst du auch gerne einen Termin hierf\u00fcr per Email anfragen: <\/p>\n\n\n\n<p>achtsamkeit.relumine@gmail.com<\/p>\n","protected":false},"excerpt":{"rendered":"<p>Einzelcoaching Manchmal hat man ein ein Thema, bei dem man gef\u00fchlt immer wieder gleich &#8222;falsch&#8220; reagiert. Oder eine Thematik, ein Problem zieht sich wie ein &#8222;roter Faden&#8220; durch das Leben und man fragst sich , warum das immer wieder passieren muss? Oder eine, f\u00fcr dich wichtige, Entscheidung steht an und du wei\u00dft nicht weiter. Ich bin \u00fcberzeugt, dass die L\u00f6sung, die Antwort, das Ziel schon in dir ist, du aber nicht gelernt hast, es selbst zu finden. Manchmal ben\u00f6tigten wir&#8230;<\/p>\n<p class=\"read-more\"><a class=\"btn btn-default\" href=\"http:\/\/relumine.de\/?page_id=261\">Weiterlesen<span class=\"screen-reader-text\"> Weiterlesen<\/span><\/a><\/p>\n","protected":false},"author":1,"featured_media":128,"parent":0,"menu_order":0,"comment_status":"closed","ping_status":"closed","template":"","meta":{"advanced_seo_description":"","jetpack_seo_html_title":"","jetpack_seo_noindex":false,"footnotes":""},"class_list":["post-261","page","type-page","status-publish","has-post-thumbnail","hentry"],"jetpack_sharing_enabled":true,"jetpack_likes_enabled":true,"_links":{"self":[{"href":"http:\/\/relumine.de\/index.php?rest_route=\/wp\/v2\/pages\/261","targetHints":{"allow":["GET"]}}],"collection":[{"href":"http:\/\/relumine.de\/index.php?rest_route=\/wp\/v2\/pages"}],"about":[{"href":"http:\/\/relumine.de\/index.php?rest_route=\/wp\/v2\/types\/page"}],"author":[{"embeddable":true,"href":"http:\/\/relumine.de\/index.php?rest_route=\/wp\/v2\/users\/1"}],"replies":[{"embeddable":true,"href":"http:\/\/relumine.de\/index.php?rest_route=%2Fwp%2Fv2%2Fcomments&post=261"}],"version-history":[{"count":7,"href":"http:\/\/relumine.de\/index.php?rest_route=\/wp\/v2\/pages\/261\/revisions"}],"predecessor-version":[{"id":364,"href":"http:\/\/relumine.de\/index.php?rest_route=\/wp\/v2\/pages\/261\/revisions\/364"}],"wp:featuredmedia":[{"embeddable":true,"href":"http:\/\/relumine.de\/index.php?rest_route=\/wp\/v2\/media\/128"}],"wp:attachment":[{"href":"http:\/\/relumine.de\/index.php?rest_route=%2Fwp%2Fv2%2Fmedia&parent=261"}],"curies":[{"name":"wp","href":"https:\/\/api.w.org\/{rel}","templated":true}]}}