{"id":21,"date":"2020-01-23T20:44:12","date_gmt":"2020-01-23T18:44:12","guid":{"rendered":"https:\/\/relumineinvestfinance.wordpress.com\/?page_id=21"},"modified":"2021-03-26T12:08:38","modified_gmt":"2021-03-26T12:08:38","slug":"ueber-mich","status":"publish","type":"page","link":"http:\/\/relumine.de\/?page_id=21","title":{"rendered":"\u00dcber mich"},"content":{"rendered":"\n<figure class=\"wp-block-image size-large is-resized\"><img data-recalc-dims=\"1\" loading=\"lazy\" decoding=\"async\" src=\"https:\/\/i0.wp.com\/relumine.de\/wp-content\/uploads\/2021\/03\/Claudia-Kaufmann-2.jpg?resize=640%2C493\" alt=\"\" class=\"wp-image-218\" width=\"640\" height=\"493\"\/><\/figure>\n\n\n\n<p>Von der Wunde zum Wunder trennt uns nur ein \u201c<strong>R<\/strong>\u201d &#8230; diese Erkenntnis machte ich bereits ein 3\/4 Jahr nach dem Tod meines Ehemanns.<\/p>\n\n\n\n<p> Doch wof\u00fcr das &#8222;<strong>R<\/strong>&#8220; steht, dass habe ich 2014 noch nicht gewusst. <\/p>\n\n\n\n<p>Heute wei\u00df ich, es steht f\u00fcr <strong><em>RELUMINE.<\/em><\/strong><\/p>\n\n\n\n<p>Ich war 2011 gerade 20 Jahre mit meinem Ehemann verheiratet, da erhielt er aus \u201cheiterem Himmel\u201d die Diagnose Magenkrebs mit Lebermetastasen. Inoperabel &#8211; verbleibende Lebenszeit voraussichtlich 3 &#8211; 6 Monate. Er lebte mit uns noch 2 Jahre &#8211; wahre Lebenszeit und keine Leidenszeit. Er starb Zuhause in meinen Armen, ganz friedlich und von \u201cEngeln begleitet\u201d.<\/p>\n\n\n\n<p>Auf meinem Trauerweg bin ich mindestens einmal bis auf meinen Seelengrund gefallen, ich durfte mich (wieder)finden und neu entdecken.<\/p>\n\n\n\n<p class=\"has-text-align-left\">Ich habe Retreats besucht, mich von spirituellen Lehrern und dem Leben schulen lassen, mich zu verschiedenen Themen weitergebildet (wie z. B. Krebs, Spontan-heilungen, Leben nach dem Tod, Naturheilmittel, Quantenmedizin etc.) und 2016 meine Ausbildung zum Achtsamkeits-Coach gemacht. Bei all dem Wissen, das ich \u201cauf-gesogen\u201d habe, merkte ich, dass mir manche <strong><em>In-Formation<\/em><\/strong> bis ins Herz f\u00e4llt und dort auf die g\u00f6ttliche Weisheit in mir trifft.<\/p>\n\n\n\n<p>Mein Licht begann wieder zu leuchten und ich sp\u00fcrte tief in mir, ja, dieses Geschenk darfst und willst du weitergeben &#8211; das ist deine Gabe.<\/p>\n\n\n\n<p>Ich m\u00f6chte dich begleiten, an die Hand nehmen und ein St\u00fcck mit dir gehen, bis du auch dein Leuchten wieder ganz sp\u00fcren kannst.<\/p>\n\n\n\n<p><br><em><strong>RELUMINE<\/strong><\/em> &#8211; <strong>lass dich wieder entz\u00fcnden!<\/strong><\/p>\n","protected":false},"excerpt":{"rendered":"<p>Von der Wunde zum Wunder trennt uns nur ein \u201cR\u201d &#8230; diese Erkenntnis machte ich bereits ein 3\/4 Jahr nach dem Tod meines Ehemanns. Doch wof\u00fcr das &#8222;R&#8220; steht, dass habe ich 2014 noch nicht gewusst. Heute wei\u00df ich, es steht f\u00fcr RELUMINE. Ich war 2011 gerade 20 Jahre mit meinem Ehemann verheiratet, da erhielt er aus \u201cheiterem Himmel\u201d die Diagnose Magenkrebs mit Lebermetastasen. Inoperabel &#8211; verbleibende Lebenszeit voraussichtlich 3 &#8211; 6 Monate. Er lebte mit uns noch 2 Jahre&#8230;<\/p>\n<p class=\"read-more\"><a class=\"btn btn-default\" href=\"http:\/\/relumine.de\/?page_id=21\">Weiterlesen<span class=\"screen-reader-text\"> Weiterlesen<\/span><\/a><\/p>\n","protected":false},"author":1,"featured_media":0,"parent":0,"menu_order":0,"comment_status":"closed","ping_status":"closed","template":"","meta":{"advanced_seo_description":"","jetpack_seo_html_title":"","jetpack_seo_noindex":false,"footnotes":""},"class_list":["post-21","page","type-page","status-publish","hentry"],"jetpack_sharing_enabled":true,"jetpack_likes_enabled":true,"_links":{"self":[{"href":"http:\/\/relumine.de\/index.php?rest_route=\/wp\/v2\/pages\/21","targetHints":{"allow":["GET"]}}],"collection":[{"href":"http:\/\/relumine.de\/index.php?rest_route=\/wp\/v2\/pages"}],"about":[{"href":"http:\/\/relumine.de\/index.php?rest_route=\/wp\/v2\/types\/page"}],"author":[{"embeddable":true,"href":"http:\/\/relumine.de\/index.php?rest_route=\/wp\/v2\/users\/1"}],"replies":[{"embeddable":true,"href":"http:\/\/relumine.de\/index.php?rest_route=%2Fwp%2Fv2%2Fcomments&post=21"}],"version-history":[{"count":5,"href":"http:\/\/relumine.de\/index.php?rest_route=\/wp\/v2\/pages\/21\/revisions"}],"predecessor-version":[{"id":220,"href":"http:\/\/relumine.de\/index.php?rest_route=\/wp\/v2\/pages\/21\/revisions\/220"}],"wp:attachment":[{"href":"http:\/\/relumine.de\/index.php?rest_route=%2Fwp%2Fv2%2Fmedia&parent=21"}],"curies":[{"name":"wp","href":"https:\/\/api.w.org\/{rel}","templated":true}]}}